{"id":3810,"date":"2023-09-01T15:23:40","date_gmt":"2023-09-01T15:23:40","guid":{"rendered":"https:\/\/agrosiconsulting.com\/?page_id=3810"},"modified":"2025-06-07T17:00:58","modified_gmt":"2025-06-07T17:00:58","slug":"equipo","status":"publish","type":"page","link":"https:\/\/agrosiconsulting.com\/en\/equipo\/","title":{"rendered":"Team"},"content":{"rendered":"<div data-elementor-type=\"wp-page\" data-elementor-id=\"3810\" class=\"elementor elementor-3810\">\n\t\t\t\t\t\t<section class=\"elementor-section elementor-top-section elementor-element elementor-element-e10f7ac elementor-section-boxed elementor-section-height-default elementor-section-height-default\" data-id=\"e10f7ac\" data-element_type=\"section\" data-e-type=\"section\">\r\n\t\t\r\n\t\t\t\t\t\t\t<div class=\"elementor-container elementor-column-gap-default\">\r\n\t\t\t\t\t\t\t\t\t\t\t<div class=\"elementor-column elementor-col-100 elementor-top-column elementor-element elementor-element-76ca9b2\" data-id=\"76ca9b2\" data-element_type=\"column\" data-e-type=\"column\">\r\n\t\t\t\t\t<div class=\"elementor-widget-wrap elementor-element-populated\">\r\n\t\t\t\t\t\t\t\t<div class=\"elementor-element elementor-element-7cfc725 elementor-invisible elementor-widget elementor-widget-heading\" data-id=\"7cfc725\" data-element_type=\"widget\" data-e-type=\"widget\" data-settings=\"{&quot;_animation&quot;:&quot;fadeInUp&quot;,&quot;_animation_delay&quot;:&quot;600&quot;}\" data-widget_type=\"heading.default\">\n\t\t\t\t\t<h2 class=\"elementor-heading-title elementor-size-default\">Our Specialists<\/h2>\t\t\t\t<\/div>\n\t\t\t\t<div class=\"elementor-element elementor-element-5ead975 elementor-invisible elementor-widget elementor-widget-text-editor\" data-id=\"5ead975\" data-element_type=\"widget\" data-e-type=\"widget\" data-settings=\"{&quot;_animation&quot;:&quot;fadeInUp&quot;,&quot;_animation_delay&quot;:&quot;600&quot;}\" data-widget_type=\"text-editor.default\">\n\t\t\t\t\t\t\t\t\t<p>Empowering Your Growth in the Agribusiness<\/p>\t\t\t\t\t\t\t\t<\/div>\n\t\t\t\t<div class=\"elementor-element elementor-element-9add84c elementor-invisible elementor-widget elementor-widget-text-editor\" data-id=\"9add84c\" data-element_type=\"widget\" data-e-type=\"widget\" data-settings=\"{&quot;_animation&quot;:&quot;fadeInUp&quot;,&quot;_animation_delay&quot;:&quot;600&quot;}\" data-widget_type=\"text-editor.default\">\n\t\t\t\t\t\t\t\t\t<p>Discover how Agro S\u00ed Consulting can propel your company to new heights in agribusiness. Our wide range of services covers everything from agricultural production and plant management to financial and tax strategies. We join you to optimize your operations and maximize your results in this ever-growing sector.<\/p>\t\t\t\t\t\t\t\t<\/div>\n\t\t\t\t\t<\/div>\r\n\t\t\t\t<\/div>\r\n\t\t\t\t\t<\/div>\r\n\t\t\t\t<\/section>\r\n\t\t\t\t<section class=\"elementor-section elementor-top-section elementor-element elementor-element-eaf7196 elementor-section-boxed elementor-section-height-default elementor-section-height-default\" data-id=\"eaf7196\" data-element_type=\"section\" data-e-type=\"section\">\r\n\t\t\r\n\t\t\t\t\t\t\t<div class=\"elementor-container elementor-column-gap-default\">\r\n\t\t\t\t\t\t\t\t\t\t\t<div class=\"elementor-column elementor-col-100 elementor-top-column elementor-element elementor-element-2390510\" data-id=\"2390510\" data-element_type=\"column\" data-e-type=\"column\">\r\n\t\t\t\t\t<div class=\"elementor-widget-wrap elementor-element-populated\">\r\n\t\t\t\t\t\t\t\t<div class=\"elementor-element elementor-element-618948c elementor-widget elementor-widget-porto_posts_grid\" data-id=\"618948c\" data-element_type=\"widget\" data-e-type=\"widget\" data-settings=\"{&quot;spacing&quot;:{&quot;unit&quot;:&quot;px&quot;,&quot;size&quot;:&quot;&quot;,&quot;sizes&quot;:[]}}\" data-widget_type=\"porto_posts_grid.default\">\n\t\t\t\t\t<div class=\"porto-posts-grid porto-posts-grid-d751713988987e9331980363e24189ce porto-membersvyta\"><style scope=\"scope\">.page-wrapper .porto-gb-cf59ecebda5c689cab4bbdf7adf1d8ca{margin-bottom:0px;padding:0px 0px 0px 0px;}.page-wrapper .porto-gb-3745d690f735daa512610b9f19149ea8{border-style:solid;border-width:5px 5px 5px 5px;border-radius:21px 21px 21px 21px;margin-bottom:6px;}.page-wrapper .porto-gb-6cb8ffa4ec4e86c533d1151caa094ce5{margin-bottom:3px;}.porto-gb-6cb8ffa4ec4e86c533d1151caa094ce5,.porto-gb-6cb8ffa4ec4e86c533d1151caa094ce5 p{font-size:21px;font-weight:700;line-height:24px;letter-spacing:-1.05px;text-align:center;}.service-type:hover .service-type-title { color: #206cbe; }\r\n.service-type .service-type-image { border-color: transparent; transition: border-color .35s; }\r\n.service-type:hover .service-type-image { border-color: #206cbe; }\r\n.service-type:hover img { transform: scale(1.08,1.08) translateZ(0); }<\/style><div class=\"posts-wrap members-container has-ccols ccols-xl-4 ccols-md-3 ccols-sm-2 ccols-1 has-ccols-spacing\" style=\"\"><div class=\"porto-tb-item member post-3847 type-member status-publish has-post-thumbnail hentry member_cat-socios\"><div class=\"porto-section service-type porto-gb-edf5049a1c77c3808664a3b532eb88e3\">\r\n\r\n\r\n\r\n<h4 class=\"porto-heading service-type-title porto-gb-7ebaf9c0c396fb530211289a521f6ed7 post-title\" style=\"\"><a aria-label=\"Post Title\" href=\"https:\/\/agrosiconsulting.com\/en\/socio\/jorge-luis-gonzalez\/\">Jorge Luis Gonz\u00e1lez<\/a><\/h4><\/div><\/div><div class=\"porto-tb-item member post-3858 type-member status-publish has-post-thumbnail hentry member_cat-socios\"><div class=\"porto-section service-type porto-gb-edf5049a1c77c3808664a3b532eb88e3\">\r\n\r\n\r\n\r\n<h4 class=\"porto-heading service-type-title porto-gb-7ebaf9c0c396fb530211289a521f6ed7 post-title\" style=\"\"><a aria-label=\"Post Title\" href=\"https:\/\/agrosiconsulting.com\/en\/socio\/juan-albier\/\">Juan Albier<\/a><\/h4><\/div><\/div><div class=\"porto-tb-item member post-4620 type-member status-publish has-post-thumbnail hentry member_cat-socios\"><div class=\"porto-section service-type porto-gb-edf5049a1c77c3808664a3b532eb88e3\">\r\n\r\n\r\n\r\n<h4 class=\"porto-heading service-type-title porto-gb-7ebaf9c0c396fb530211289a521f6ed7 post-title\" style=\"\"><a aria-label=\"Post Title\" href=\"https:\/\/agrosiconsulting.com\/en\/socio\/jose-mauricio-huete\/\">Jos\u00e9 Mauricio Huete<\/a><\/h4><\/div><\/div><div class=\"porto-tb-item member post-4625 type-member status-publish has-post-thumbnail hentry member_cat-socios\"><div class=\"porto-section service-type porto-gb-edf5049a1c77c3808664a3b532eb88e3\">\r\n\r\n\r\n\r\n<h4 class=\"porto-heading service-type-title porto-gb-7ebaf9c0c396fb530211289a521f6ed7 post-title\" style=\"\"><a aria-label=\"Post Title\" href=\"https:\/\/agrosiconsulting.com\/en\/socio\/gloria-arevalo\/\">Gloria Ar\u00e9valo<\/a><\/h4><\/div><\/div><div class=\"porto-tb-item member post-4638 type-member status-publish has-post-thumbnail hentry member_cat-socios\"><div class=\"porto-section service-type porto-gb-edf5049a1c77c3808664a3b532eb88e3\">\r\n\r\n\r\n\r\n<h4 class=\"porto-heading service-type-title porto-gb-7ebaf9c0c396fb530211289a521f6ed7 post-title\" style=\"\"><a aria-label=\"Post Title\" href=\"https:\/\/agrosiconsulting.com\/en\/socio\/joaquin-lopez-hernandez\/\">Joaqu\u00edn L\u00f3pez Hern\u00e1ndez<\/a><\/h4><\/div><\/div><div class=\"porto-tb-item member post-4668 type-member status-publish has-post-thumbnail hentry member_cat-socios\"><div class=\"porto-section service-type porto-gb-edf5049a1c77c3808664a3b532eb88e3\">\r\n\r\n\r\n\r\n<h4 class=\"porto-heading service-type-title porto-gb-7ebaf9c0c396fb530211289a521f6ed7 post-title\" style=\"\"><a aria-label=\"Post Title\" href=\"https:\/\/agrosiconsulting.com\/en\/socio\/juan-intriago\/\">Juan Intriago<\/a><\/h4><\/div><\/div><div class=\"porto-tb-item member post-4689 type-member status-publish has-post-thumbnail hentry member_cat-socios\"><div class=\"porto-section service-type porto-gb-edf5049a1c77c3808664a3b532eb88e3\">\r\n\r\n\r\n\r\n<h4 class=\"porto-heading service-type-title porto-gb-7ebaf9c0c396fb530211289a521f6ed7 post-title\" style=\"\"><a aria-label=\"Post Title\" href=\"https:\/\/agrosiconsulting.com\/en\/socio\/flor-maria-herrera\/\">Flor Mar\u00eda Herrera<\/a><\/h4><\/div><\/div><div class=\"porto-tb-item member post-4813 type-member status-publish has-post-thumbnail hentry\"><div class=\"porto-section service-type porto-gb-edf5049a1c77c3808664a3b532eb88e3\">\r\n\r\n\r\n\r\n<h4 class=\"porto-heading service-type-title porto-gb-7ebaf9c0c396fb530211289a521f6ed7 post-title\" style=\"\"><a aria-label=\"Post Title\" href=\"https:\/\/agrosiconsulting.com\/en\/socio\/arturo-javier-collado-serracin\/\">Arturo Javier Collado Serrac\u00edn<\/a><\/h4><\/div><\/div><\/div><\/div>\t\t\t\t<\/div>\n\t\t\t\t\t<\/div>\r\n\t\t\t\t<\/div>\r\n\t\t\t\t\t<\/div>\r\n\t\t\t\t<\/section>\r\n\t\t\t\t<section class=\"elementor-section elementor-top-section elementor-element elementor-element-2c6f7ee elementor-section-boxed elementor-section-height-default elementor-section-height-default\" data-id=\"2c6f7ee\" data-element_type=\"section\" data-e-type=\"section\">\r\n\t\t\r\n\t\t\t\t\t\t\t<div class=\"elementor-container elementor-column-gap-default\">\r\n\t\t\t\t\t\t\t\t\t\t\t<div class=\"elementor-column elementor-col-100 elementor-top-column elementor-element elementor-element-9165842 d-none\" data-id=\"9165842\" data-element_type=\"column\" data-e-type=\"column\">\r\n\t\t\t\t\t<div class=\"elementor-widget-wrap elementor-element-populated\">\r\n\t\t\t\t\t\t\t\t<div class=\"elementor-element elementor-element-ee0432a d-none elementor-invisible elementor-widget elementor-widget-porto_modal\" data-id=\"ee0432a\" data-element_type=\"widget\" data-e-type=\"widget\" data-settings=\"{&quot;_animation&quot;:&quot;fadeIn&quot;,&quot;_animation_delay&quot;:&quot;500&quot;}\" data-widget_type=\"porto_modal.default\">\n\t\t\t\t\t<div class=\"porto-modal-input-wrapper\"><script>\r\n\t( function() {\r\n\t\tvar porto_init_modal = function() {\r\n\t\t\tvar selector = \".video-play\",\r\n\t\t\t\t$selector = jQuery(selector);\r\n\t\t\t$selector.addClass(\"porto-modal-trigger\");\r\n\t\t\t$selector.attr(\"data-trigger-id\", \"\/\/player.vimeo.com\/video\/45830194?autoplay=1\");\r\n\t\t\t$selector.attr(\"data-type\", \"iframe\");\r\n\t\t\t$selector.attr(\"data-overlay-class\", \"mfp-fade\");\r\n\t\t};\r\n\r\n\t\tif ( window.jQuery && jQuery(\".video-play\").length ) {\r\n\t\t\tporto_init_modal();\r\n\t\t} else {\r\n\t\t\tdocument.addEventListener( \"DOMContentLoaded\", porto_init_modal );\r\n\t\t}\r\n\t} )();\r\n\t<\/script><\/div><div id=\"\/\/player.vimeo.com\/video\/45830194?autoplay=1\" class=\"mfp-hide porto-popup-iframe mfp-fade\"><div class=\"porto-modal-content\"><\/div><\/div>\t\t\t\t<\/div>\n\t\t\t\t\t<\/div>\r\n\t\t\t\t<\/div>\r\n\t\t\t\t\t<\/div>\r\n\t\t\t\t<\/section>\r\n\t\t\t\t<\/div>","protected":false},"excerpt":{"rendered":"<p>Nuestros Especialistas Potenciando Tu Crecimiento en la Agroindustria Descubre c\u00f3mo Agro S\u00ed Consulting puede catapultar tu empresa hacia nuevas alturas en la agroindustria. Nuestra amplia gama de servicios abarca desde producci\u00f3n agropecuaria y gesti\u00f3n de plantas hasta estrategias financieras y fiscales. Nos unimos a ti para optimizar tus operaciones y maximizar tus resultados en este [&hellip;]<\/p>\n","protected":false},"author":1,"featured_media":0,"parent":0,"menu_order":0,"comment_status":"closed","ping_status":"closed","template":"","meta":{"_joinchat":[],"footnotes":""},"class_list":["post-3810","page","type-page","status-publish","hentry"],"_links":{"self":[{"href":"https:\/\/agrosiconsulting.com\/en\/wp-json\/wp\/v2\/pages\/3810","targetHints":{"allow":["GET"]}}],"collection":[{"href":"https:\/\/agrosiconsulting.com\/en\/wp-json\/wp\/v2\/pages"}],"about":[{"href":"https:\/\/agrosiconsulting.com\/en\/wp-json\/wp\/v2\/types\/page"}],"author":[{"embeddable":true,"href":"https:\/\/agrosiconsulting.com\/en\/wp-json\/wp\/v2\/users\/1"}],"replies":[{"embeddable":true,"href":"https:\/\/agrosiconsulting.com\/en\/wp-json\/wp\/v2\/comments?post=3810"}],"version-history":[{"count":118,"href":"https:\/\/agrosiconsulting.com\/en\/wp-json\/wp\/v2\/pages\/3810\/revisions"}],"predecessor-version":[{"id":4812,"href":"https:\/\/agrosiconsulting.com\/en\/wp-json\/wp\/v2\/pages\/3810\/revisions\/4812"}],"wp:attachment":[{"href":"https:\/\/agrosiconsulting.com\/en\/wp-json\/wp\/v2\/media?parent=3810"}],"curies":[{"name":"wp","href":"https:\/\/api.w.org\/{rel}","templated":true}]}}