{"id":3556,"date":"2020-12-25T14:56:53","date_gmt":"2020-12-25T14:56:53","guid":{"rendered":"http:\/\/sw-themes.com\/porto_dummy\/?page_id=14"},"modified":"2023-09-08T01:46:29","modified_gmt":"2023-09-08T01:46:29","slug":"nosotros","status":"publish","type":"page","link":"https:\/\/agrosiconsulting.com\/en\/nosotros\/","title":{"rendered":"About Us"},"content":{"rendered":"<div data-elementor-type=\"wp-page\" data-elementor-id=\"3556\" class=\"elementor elementor-3556\">\n\t\t\t\t\t\t<section class=\"elementor-section elementor-top-section elementor-element elementor-element-38d557e elementor-section-content-middle overflow-hidden pt-md-4 pt-xl-0 elementor-hidden-desktop elementor-hidden-tablet elementor-hidden-mobile elementor-section-boxed elementor-section-height-default elementor-section-height-default\" data-id=\"38d557e\" data-element_type=\"section\" data-e-type=\"section\">\r\n\t\t\r\n\t\t\t\t\t\t\t<div class=\"elementor-container elementor-column-gap-default\">\r\n\t\t\t\t\t\t\t\t\t\t\t<div class=\"elementor-column elementor-col-50 elementor-top-column elementor-element elementor-element-c3bb278\" data-id=\"c3bb278\" data-element_type=\"column\" data-e-type=\"column\">\r\n\t\t\t\t\t<div class=\"elementor-widget-wrap elementor-element-populated\">\r\n\t\t\t\t\t\t\t\t<div class=\"elementor-element elementor-element-1c9569c elementor-invisible elementor-widget elementor-widget-heading\" data-id=\"1c9569c\" data-element_type=\"widget\" data-e-type=\"widget\" data-settings=\"{&quot;_animation&quot;:&quot;fadeInUp&quot;,&quot;_animation_delay&quot;:100}\" data-widget_type=\"heading.default\">\n\t\t\t\t\t<h2 class=\"elementor-heading-title elementor-size-default\">Discover Our History and Vision at Agro S\u00ed Consulting<\/h2>\t\t\t\t<\/div>\n\t\t\t\t<div class=\"elementor-element elementor-element-ddcbac0 customLineProgressAnim my-3 elementor-widget-divider--view-line elementor-invisible elementor-widget elementor-widget-divider\" data-id=\"ddcbac0\" data-element_type=\"widget\" data-e-type=\"widget\" data-settings=\"{&quot;_animation&quot;:&quot;fadeIn&quot;,&quot;_animation_delay&quot;:300}\" data-widget_type=\"divider.default\">\n\t\t\t\t\t\t\t<div class=\"elementor-divider\">\n\t\t\t<span class=\"elementor-divider-separator\">\n\t\t\t\t\t\t<\/span>\n\t\t<\/div>\n\t\t\t\t\t\t<\/div>\n\t\t\t\t<div class=\"elementor-element elementor-element-750f4d9 mb-3 pb-1 elementor-widget elementor-widget-heading\" data-id=\"750f4d9\" data-element_type=\"widget\" data-e-type=\"widget\" data-widget_type=\"heading.default\">\n\t\t\t\t\t<p class=\"elementor-heading-title elementor-size-default\">At Agro S\u00ed Consulting, a shared passion for agribusiness and agribusiness is born. Our mission is to transform challenges into strategic and innovative solutions, leading the evolution of the industry. From intelligent technologies to sustainable practices, we work hand in hand with you to ensure your success in a changing environment.<\/p>\t\t\t\t<\/div>\n\t\t\t\t\t<\/div>\r\n\t\t\t\t<\/div>\r\n\t\t\t\t<div class=\"elementor-column elementor-col-50 elementor-top-column elementor-element elementor-element-c45fecf ps-lg-5 pe-5 custom-auto-img\" data-id=\"c45fecf\" data-element_type=\"column\" data-e-type=\"column\">\r\n\t\t\t\t\t<div class=\"elementor-widget-wrap elementor-element-populated\">\r\n\t\t\t\t\t\t\t\t<div class=\"elementor-element elementor-element-6aef0db elementor-widget elementor-widget-image\" data-id=\"6aef0db\" data-element_type=\"widget\" data-e-type=\"widget\" data-widget_type=\"image.default\">\n\t\t\t\t\t\t\t\t\t\t\t\t\t\t\t<img fetchpriority=\"high\" decoding=\"async\" width=\"1722\" height=\"1118\" src=\"https:\/\/agrosiconsulting.com\/wp-content\/uploads\/2023\/08\/Logo-AGRO-SI-CONSULTING-1-Logoc-01.png\" class=\"attachment-full size-full wp-image-3602\" alt=\"\" srcset=\"https:\/\/agrosiconsulting.com\/wp-content\/uploads\/2023\/08\/Logo-AGRO-SI-CONSULTING-1-Logoc-01.png 1722w, https:\/\/agrosiconsulting.com\/wp-content\/uploads\/2023\/08\/Logo-AGRO-SI-CONSULTING-1-Logoc-01-1024x665.png 1024w, https:\/\/agrosiconsulting.com\/wp-content\/uploads\/2023\/08\/Logo-AGRO-SI-CONSULTING-1-Logoc-01-768x499.png 768w, https:\/\/agrosiconsulting.com\/wp-content\/uploads\/2023\/08\/Logo-AGRO-SI-CONSULTING-1-Logoc-01-1536x997.png 1536w, https:\/\/agrosiconsulting.com\/wp-content\/uploads\/2023\/08\/Logo-AGRO-SI-CONSULTING-1-Logoc-01-640x416.png 640w, https:\/\/agrosiconsulting.com\/wp-content\/uploads\/2023\/08\/Logo-AGRO-SI-CONSULTING-1-Logoc-01-400x260.png 400w, https:\/\/agrosiconsulting.com\/wp-content\/uploads\/2023\/08\/Logo-AGRO-SI-CONSULTING-1-Logoc-01-367x238.png 367w, https:\/\/agrosiconsulting.com\/wp-content\/uploads\/2023\/08\/Logo-AGRO-SI-CONSULTING-1-Logoc-01-600x390.png 600w\" sizes=\"(max-width: 1722px) 100vw, 1722px\" \/>\t\t\t\t\t\t\t\t\t\t\t\t\t\t\t<\/div>\n\t\t\t\t\t<\/div>\r\n\t\t\t\t<\/div>\r\n\t\t\t\t\t<\/div>\r\n\t\t\t\t<\/section>\r\n\t\t\t\t<div class=\"porto-full-no-gap elementor-section elementor-top-section elementor-element elementor-element-e32399a elementor-section-content-middle elementor-section-full_width elementor-section-height-default elementor-section-height-default\" data-id=\"e32399a\" data-element_type=\"section\" data-e-type=\"section\" data-settings=\"{&quot;background_background&quot;:&quot;classic&quot;}\">\r\n\t\t\r\n\t\t\t\t\t\t\t<div class=\"elementor-container elementor-column-gap-no\">\r\n\t\t\t\t\t\t\t\t\t\t\t<div class=\"elementor-column elementor-col-50 elementor-top-column elementor-element elementor-element-f97715f elementor-invisible\" data-id=\"f97715f\" data-element_type=\"column\" data-e-type=\"column\" data-settings=\"{&quot;animation&quot;:&quot;fadeIn&quot;,&quot;animation_delay&quot;:&quot;100&quot;}\">\r\n\t\t\t\t\t<div class=\"col-half-section col-half-section-right col-fullwidth-md py-5 my-5 ps-3 pe-md-5 elementor-widget-wrap elementor-element-populated\">\r\n\t\t\t\t\t\t\t\t<div class=\"elementor-element elementor-element-c9439e4 elementor-invisible elementor-widget elementor-widget-heading\" data-id=\"c9439e4\" data-element_type=\"widget\" data-e-type=\"widget\" data-settings=\"{&quot;_animation&quot;:&quot;fadeInUp&quot;,&quot;_animation_delay&quot;:100}\" data-widget_type=\"heading.default\">\n\t\t\t\t\t<h2 class=\"elementor-heading-title elementor-size-default\">Discover Our History and Vision at Agro S\u00ed Consulting<\/h2>\t\t\t\t<\/div>\n\t\t\t\t<div class=\"elementor-element elementor-element-7856b9c customLineProgressAnim my-3 elementor-widget-divider--view-line elementor-invisible elementor-widget elementor-widget-divider\" data-id=\"7856b9c\" data-element_type=\"widget\" data-e-type=\"widget\" data-settings=\"{&quot;_animation&quot;:&quot;fadeIn&quot;,&quot;_animation_delay&quot;:300}\" data-widget_type=\"divider.default\">\n\t\t\t\t\t\t\t<div class=\"elementor-divider\">\n\t\t\t<span class=\"elementor-divider-separator\">\n\t\t\t\t\t\t<\/span>\n\t\t<\/div>\n\t\t\t\t\t\t<\/div>\n\t\t\t\t<div class=\"elementor-element elementor-element-61d5a2b mb-3 pb-1 elementor-widget elementor-widget-heading\" data-id=\"61d5a2b\" data-element_type=\"widget\" data-e-type=\"widget\" data-widget_type=\"heading.default\">\n\t\t\t\t\t<p class=\"elementor-heading-title elementor-size-default\">At Agro S\u00ed Consulting, a shared passion for agribusiness and agribusiness is born. Our mission is to transform challenges into strategic and innovative solutions, leading the evolution of the industry. From intelligent technologies to sustainable practices, we work hand in hand with you to ensure your success in a changing environment.<\/p>\t\t\t\t<\/div>\n\t\t\t\t\t<\/div>\r\n\t\t\t\t<\/div>\r\n\t\t\t\t<div class=\"elementor-column elementor-col-50 elementor-top-column elementor-element elementor-element-64592d7 innovation-img elementor-invisible\" data-id=\"64592d7\" data-element_type=\"column\" data-e-type=\"column\" data-settings=\"{&quot;animation&quot;:&quot;fadeIn&quot;,&quot;animation_delay&quot;:&quot;200&quot;,&quot;background_background&quot;:&quot;classic&quot;}\">\r\n\t\t\t\t\t<div class=\"elementor-widget-wrap elementor-element-populated\">\r\n\t\t\t\t\t\t\t\t<div class=\"elementor-element elementor-element-721ff37 elementor-widget elementor-widget-spacer\" data-id=\"721ff37\" data-element_type=\"widget\" data-e-type=\"widget\" data-widget_type=\"spacer.default\">\n\t\t\t\t\t\t\t<div class=\"elementor-spacer\">\n\t\t\t<div class=\"elementor-spacer-inner\"><\/div>\n\t\t<\/div>\n\t\t\t\t\t\t<\/div>\n\t\t\t\t\t<\/div>\r\n\t\t\t\t<\/div>\r\n\t\t\t\t\t<\/div>\r\n\t\t\t\t<\/div>\r\n\t\t\t\t<section class=\"porto-full-no-gap elementor-section elementor-top-section elementor-element elementor-element-ad0b900 elementor-section-full_width elementor-section-height-default elementor-section-height-default\" data-id=\"ad0b900\" data-element_type=\"section\" data-e-type=\"section\">\r\n\t\t\r\n\t\t\t\t\t\t\t<div class=\"elementor-container elementor-column-gap-no\">\r\n\t\t\t\t\t\t\t\t\t\t\t<div class=\"elementor-column elementor-col-50 elementor-top-column elementor-element elementor-element-1ba4ebc\" data-id=\"1ba4ebc\" data-element_type=\"column\" data-e-type=\"column\" data-settings=\"{&quot;background_background&quot;:&quot;classic&quot;}\">\r\n\t\t\t\t\t<div class=\"elementor-widget-wrap elementor-element-populated\">\r\n\t\t\t\t\t\t\t\t<div class=\"elementor-element elementor-element-a462f1b elementor-widget-divider--view-line_text elementor-widget-divider--element-align-right mb-1 elementor-invisible elementor-widget elementor-widget-divider\" data-id=\"a462f1b\" data-element_type=\"widget\" data-e-type=\"widget\" data-settings=\"{&quot;_animation&quot;:&quot;fadeInLeft&quot;,&quot;_animation_delay&quot;:100}\" data-widget_type=\"divider.default\">\n\t\t\t\t\t\t\t<div class=\"elementor-divider\">\n\t\t\t<span class=\"elementor-divider-separator\">\n\t\t\t\t\t\t\t<span class=\"elementor-divider__text elementor-divider__element\">\n\t\t\t\tOur Values\t\t\t\t<\/span>\n\t\t\t\t\t\t<\/span>\n\t\t<\/div>\n\t\t\t\t\t\t<\/div>\n\t\t\t\t<div class=\"elementor-element elementor-element-c73a655 elementor-invisible elementor-widget elementor-widget-porto_ultimate_heading\" data-id=\"c73a655\" data-element_type=\"widget\" data-e-type=\"widget\" data-settings=\"{&quot;_animation&quot;:&quot;fadeInLeft&quot;,&quot;_animation_delay&quot;:300}\" data-widget_type=\"porto_ultimate_heading.default\">\n\t\t\t\t\t<div class=\"porto-u-heading  porto-u-ad87e2eaf3f9c495180fe0156ddf3eb0\"><div class=\"porto-u-main-heading\"><h2    style=\"margin-bottom: 1.5rem;\">OUR MISION<\/h2><\/div><div class=\"porto-u-sub-heading\" style=\"\"><p>At Agro S\u00ed Consulting, we transform challenges into opportunities through strategic and innovative solutions in the agricultural industry. Our ethical and sustainable approach, along with strong collaborations, drives growth and development, leading change and generating a positive impact on agribusiness.<\/p><\/div><style>.porto-u-ad87e2eaf3f9c495180fe0156ddf3eb0.porto-u-heading{text-align:left}<\/style><\/div>\t\t\t\t<\/div>\n\t\t\t\t\t<\/div>\r\n\t\t\t\t<\/div>\r\n\t\t\t\t<div class=\"elementor-column elementor-col-50 elementor-top-column elementor-element elementor-element-0b51257\" data-id=\"0b51257\" data-element_type=\"column\" data-e-type=\"column\" data-settings=\"{&quot;background_background&quot;:&quot;classic&quot;}\">\r\n\t\t\t\t\t<div class=\"elementor-widget-wrap elementor-element-populated\">\r\n\t\t\t\t\t\t\t\t<div class=\"elementor-element elementor-element-d84d67c elementor-widget-divider--view-line_text elementor-widget-divider--element-align-left mb-1 elementor-invisible elementor-widget elementor-widget-divider\" data-id=\"d84d67c\" data-element_type=\"widget\" data-e-type=\"widget\" data-settings=\"{&quot;_animation&quot;:&quot;fadeInRight&quot;,&quot;_animation_delay&quot;:100}\" data-widget_type=\"divider.default\">\n\t\t\t\t\t\t\t<div class=\"elementor-divider\">\n\t\t\t<span class=\"elementor-divider-separator\">\n\t\t\t\t\t\t\t<span class=\"elementor-divider__text elementor-divider__element\">\n\t\t\t\tOur Values\t\t\t\t<\/span>\n\t\t\t\t\t\t<\/span>\n\t\t<\/div>\n\t\t\t\t\t\t<\/div>\n\t\t\t\t<div class=\"elementor-element elementor-element-627f070 elementor-invisible elementor-widget elementor-widget-porto_ultimate_heading\" data-id=\"627f070\" data-element_type=\"widget\" data-e-type=\"widget\" data-settings=\"{&quot;_animation&quot;:&quot;fadeInLeft&quot;,&quot;_animation_delay&quot;:300}\" data-widget_type=\"porto_ultimate_heading.default\">\n\t\t\t\t\t<div class=\"porto-u-heading  porto-u-deedcbb7371acea8894cf5880bfdad9c\"><div class=\"porto-u-main-heading\"><h2    style=\"margin-bottom: 1.5rem;\">OUR VISION<\/h2><\/div><div class=\"porto-u-sub-heading\" style=\"\"><p>At AGRO Si Consulting, we lead the agricultural transformation towards innovation and sustainability. By 2030, we are catalysts for change with advanced technologies and cutting-edge agricultural practices, creating food security and socio-economic prosperity.<\/p><\/div><style>.porto-u-deedcbb7371acea8894cf5880bfdad9c.porto-u-heading{text-align:right}<\/style><\/div>\t\t\t\t<\/div>\n\t\t\t\t\t<\/div>\r\n\t\t\t\t<\/div>\r\n\t\t\t\t\t<\/div>\r\n\t\t\t\t<\/section>\r\n\t\t\t\t<section class=\"elementor-section elementor-top-section elementor-element elementor-element-415aeb2 elementor-section-content-middle py-5 elementor-section-boxed elementor-section-height-default elementor-section-height-default\" data-id=\"415aeb2\" data-element_type=\"section\" data-e-type=\"section\">\r\n\t\t\r\n\t\t\t\t\t\t\t<div class=\"elementor-container elementor-column-gap-default\">\r\n\t\t\t\t\t\t\t\t\t\t\t<div class=\"elementor-column elementor-col-50 elementor-top-column elementor-element elementor-element-18721f5\" data-id=\"18721f5\" data-element_type=\"column\" data-e-type=\"column\">\r\n\t\t\t\t\t<div class=\"elementor-widget-wrap elementor-element-populated\">\r\n\t\t\t\t\t\t\t\t<div class=\"elementor-element elementor-element-2370912 p-3 box-shadow-1 mr-lg-3 elementor-widget elementor-widget-image\" data-id=\"2370912\" data-element_type=\"widget\" data-e-type=\"widget\" data-widget_type=\"image.default\">\n\t\t\t\t\t\t\t\t\t\t\t\t\t\t\t<img decoding=\"async\" width=\"450\" height=\"450\" src=\"https:\/\/agrosiconsulting.com\/wp-content\/uploads\/2023\/09\/toma-de-decisiones.webp\" class=\"attachment-blog-masonry size-blog-masonry wp-image-4040\" alt=\"\" srcset=\"https:\/\/agrosiconsulting.com\/wp-content\/uploads\/2023\/09\/toma-de-decisiones.webp 450w, https:\/\/agrosiconsulting.com\/wp-content\/uploads\/2023\/09\/toma-de-decisiones-400x400.webp 400w, https:\/\/agrosiconsulting.com\/wp-content\/uploads\/2023\/09\/toma-de-decisiones-367x367.webp 367w\" sizes=\"(max-width: 450px) 100vw, 450px\" \/>\t\t\t\t\t\t\t\t\t\t\t\t\t\t\t<\/div>\n\t\t\t\t\t<\/div>\r\n\t\t\t\t<\/div>\r\n\t\t\t\t<div class=\"elementor-column elementor-col-50 elementor-top-column elementor-element elementor-element-b4b689d\" data-id=\"b4b689d\" data-element_type=\"column\" data-e-type=\"column\">\r\n\t\t\t\t\t<div class=\"elementor-widget-wrap elementor-element-populated\">\r\n\t\t\t\t\t\t\t\t<div class=\"elementor-element elementor-element-c23a3a9 elementor-invisible elementor-widget elementor-widget-porto_ultimate_heading\" data-id=\"c23a3a9\" data-element_type=\"widget\" data-e-type=\"widget\" data-settings=\"{&quot;_animation&quot;:&quot;fadeInLeft&quot;,&quot;_animation_delay&quot;:300}\" data-widget_type=\"porto_ultimate_heading.default\">\n\t\t\t\t\t<div class=\"porto-u-heading  porto-u-ad87e2eaf3f9c495180fe0156ddf3eb0\"><div class=\"porto-u-main-heading\"><h2    style=\"margin-bottom: 1.5rem;\">OUR ADDED VALUE<\/h2><\/div><div class=\"porto-u-sub-heading\" style=\"\"><p>At Agro S\u00ed Consulting, our value proposition is forged by the fusion of experience and passion for agribusiness, agronomy, and tropical agriculture. Our consultants, graduates of prestigious institutions, provide strategic and personalized solutions to address the inherent challenges in these fields.<\/p><p>Through a comprehensive approach, we drive sustainable innovation and deliver proven results. Our commitment lies in closely collaborating with our clients, sharing wisdom, and establishing long-term relationships to foster responsible and enduring growth in this vibrant industry. With AGRO S\u00cd CONSULTING, your business vision transforms into a prosperous and sustainable reality.<\/p><\/div><style>.porto-u-ad87e2eaf3f9c495180fe0156ddf3eb0.porto-u-heading{text-align:left}<\/style><\/div>\t\t\t\t<\/div>\n\t\t\t\t\t<\/div>\r\n\t\t\t\t<\/div>\r\n\t\t\t\t\t<\/div>\r\n\t\t\t\t<\/section>\r\n\t\t\t\t<div class=\"porto-full-no-gap elementor-section elementor-top-section elementor-element elementor-element-59e7e17 elementor-section-content-middle elementor-section-full_width elementor-section-height-default elementor-section-height-default\" data-id=\"59e7e17\" data-element_type=\"section\" data-e-type=\"section\" data-settings=\"{&quot;background_background&quot;:&quot;classic&quot;}\">\r\n\t\t\r\n\t\t\t\t\t\t\t<div class=\"elementor-container elementor-column-gap-no\">\r\n\t\t\t\t\t\t\t\t\t\t\t<div class=\"elementor-column elementor-col-50 elementor-top-column elementor-element elementor-element-de2e089 elementor-invisible\" data-id=\"de2e089\" data-element_type=\"column\" data-e-type=\"column\" data-settings=\"{&quot;animation&quot;:&quot;fadeIn&quot;,&quot;animation_delay&quot;:&quot;100&quot;}\">\r\n\t\t\t\t\t<div class=\"col-half-section col-half-section-right col-fullwidth-md py-5 my-5 ps-3 pe-md-5 elementor-widget-wrap elementor-element-populated\">\r\n\t\t\t\t\t\t\t\t<div class=\"elementor-element elementor-element-c59f2a8 elementor-invisible elementor-widget elementor-widget-porto_ultimate_heading\" data-id=\"c59f2a8\" data-element_type=\"widget\" data-e-type=\"widget\" data-settings=\"{&quot;_animation&quot;:&quot;fadeInUp&quot;,&quot;_animation_delay&quot;:200}\" data-widget_type=\"porto_ultimate_heading.default\">\n\t\t\t\t\t<div class=\"porto-u-heading  porto-u-ad87e2eaf3f9c495180fe0156ddf3eb0\"><div class=\"porto-u-main-heading\"><h2    style=\"margin-bottom: 24px;\">Social Responsibility<\/h2><\/div><style>.porto-u-ad87e2eaf3f9c495180fe0156ddf3eb0.porto-u-heading{text-align:left}<\/style><\/div>\t\t\t\t<\/div>\n\t\t\t\t<div class=\"elementor-element elementor-element-e34f73f elementor-invisible elementor-widget elementor-widget-porto_ultimate_heading\" data-id=\"e34f73f\" data-element_type=\"widget\" data-e-type=\"widget\" data-settings=\"{&quot;_animation&quot;:&quot;fadeInUp&quot;,&quot;_animation_delay&quot;:400}\" data-widget_type=\"porto_ultimate_heading.default\">\n\t\t\t\t\t<div class=\"porto-u-heading  porto-u-ad87e2eaf3f9c495180fe0156ddf3eb0\"><div class=\"porto-u-sub-heading\" style=\"margin-bottom:20px;\"><p>A Sustainable Agricultural Future<\/p><\/div><style>.porto-u-ad87e2eaf3f9c495180fe0156ddf3eb0.porto-u-heading{text-align:left}<\/style><\/div>\t\t\t\t<\/div>\n\t\t\t\t<div class=\"elementor-element elementor-element-e5fcf18 elementor-invisible elementor-widget elementor-widget-porto_ultimate_heading\" data-id=\"e5fcf18\" data-element_type=\"widget\" data-e-type=\"widget\" data-settings=\"{&quot;_animation&quot;:&quot;fadeInLeft&quot;,&quot;_animation_delay&quot;:300}\" data-widget_type=\"porto_ultimate_heading.default\">\n\t\t\t\t\t<div class=\"porto-u-heading  porto-u-ad87e2eaf3f9c495180fe0156ddf3eb0\"><div class=\"porto-u-sub-heading\" style=\"\">At Agro S\u00ed Consulting, we recognize the crucial importance of agriculture in a growing world, where food and employment are fundamental. Guided by Zamorano's motto \"Learning by Doing,\" we take pride in contributing  to the scholarship fund, supporting high-potential students. Choosing Agro S\u00ed Consulting is a decision that supports a greater cause: the construction of a sustainable and meaningful agricultural future for all.<\/div><style>.porto-u-ad87e2eaf3f9c495180fe0156ddf3eb0.porto-u-heading{text-align:left}<\/style><\/div>\t\t\t\t<\/div>\n\t\t\t\t\t<\/div>\r\n\t\t\t\t<\/div>\r\n\t\t\t\t<div class=\"elementor-column elementor-col-50 elementor-top-column elementor-element elementor-element-a546fd4 innovation-img elementor-invisible\" data-id=\"a546fd4\" data-element_type=\"column\" data-e-type=\"column\" data-settings=\"{&quot;animation&quot;:&quot;fadeIn&quot;,&quot;animation_delay&quot;:&quot;200&quot;,&quot;background_background&quot;:&quot;classic&quot;}\">\r\n\t\t\t\t\t<div data-plugin-parallax=\"\" data-plugin-options=\"{&quot;speed&quot;: 1.5}\" class=\"elementor-widget-wrap elementor-element-populated\">\r\n\t\t\t\t\t\t\t\t<div class=\"elementor-element elementor-element-8934999 elementor-widget elementor-widget-spacer\" data-id=\"8934999\" data-element_type=\"widget\" data-e-type=\"widget\" data-widget_type=\"spacer.default\">\n\t\t\t\t\t\t\t<div class=\"elementor-spacer\">\n\t\t\t<div class=\"elementor-spacer-inner\"><\/div>\n\t\t<\/div>\n\t\t\t\t\t\t<\/div>\n\t\t\t\t\t<\/div>\r\n\t\t\t\t<\/div>\r\n\t\t\t\t\t<\/div>\r\n\t\t\t\t<\/div>\r\n\t\t\t\t<\/div>","protected":false},"excerpt":{"rendered":"<p>Conoce Nuestra Historia y Visi\u00f3n en Agro S\u00ed Consulting En Agro S\u00ed Consulting, nace una pasi\u00f3n compartida por la agroindustria y los agronegocios. Nuestra misi\u00f3n es transformar retos en soluciones estrat\u00e9gicas e innovadoras, liderando la evoluci\u00f3n de la industria. Desde tecnolog\u00edas inteligentes hasta pr\u00e1cticas sostenibles, trabajamos codo a codo contigo para garantizar tu \u00e9xito en [&hellip;]<\/p>\n","protected":false},"author":1,"featured_media":0,"parent":0,"menu_order":0,"comment_status":"closed","ping_status":"closed","template":"","meta":{"_joinchat":[],"footnotes":""},"class_list":["post-3556","page","type-page","status-publish","hentry"],"_links":{"self":[{"href":"https:\/\/agrosiconsulting.com\/en\/wp-json\/wp\/v2\/pages\/3556","targetHints":{"allow":["GET"]}}],"collection":[{"href":"https:\/\/agrosiconsulting.com\/en\/wp-json\/wp\/v2\/pages"}],"about":[{"href":"https:\/\/agrosiconsulting.com\/en\/wp-json\/wp\/v2\/types\/page"}],"author":[{"embeddable":true,"href":"https:\/\/agrosiconsulting.com\/en\/wp-json\/wp\/v2\/users\/1"}],"replies":[{"embeddable":true,"href":"https:\/\/agrosiconsulting.com\/en\/wp-json\/wp\/v2\/comments?post=3556"}],"version-history":[{"count":58,"href":"https:\/\/agrosiconsulting.com\/en\/wp-json\/wp\/v2\/pages\/3556\/revisions"}],"predecessor-version":[{"id":4464,"href":"https:\/\/agrosiconsulting.com\/en\/wp-json\/wp\/v2\/pages\/3556\/revisions\/4464"}],"wp:attachment":[{"href":"https:\/\/agrosiconsulting.com\/en\/wp-json\/wp\/v2\/media?parent=3556"}],"curies":[{"name":"wp","href":"https:\/\/api.w.org\/{rel}","templated":true}]}}